{"id":298,"date":"2012-08-16T16:47:53","date_gmt":"2012-08-16T16:47:53","guid":{"rendered":"https:\/\/www.terravision.eu\/contact-us-terravision\/"},"modified":"2026-03-06T14:37:08","modified_gmt":"2026-03-06T14:37:08","slug":"contact","status":"publish","type":"page","link":"https:\/\/www.terravision.eu\/tedesco\/contact.html","title":{"rendered":"Kontakte | Terravision"},"content":{"rendered":"<p>&nbsp;<\/p>\n<div class=\"p-0 border-radius double-card p-relative\">\n<div class=\"row\" style=\"height: 100%;\">\n<div class=\"col align-self-center pl-30 pr-0 pl-m-0\">\n<div class=\"overflow-hidden\">\n<div class=\"separator-trv-n z-index-1 p-relative mb-10\"><\/div>\n<div class=\"d-flex\" style=\"gap: 23px; margin-bottom: 30px;\">\n<p><img decoding=\"async\" src=\"https:\/\/www.terravision.eu\/italiano\/files\/2025\/03\/icon-info_chi_siamo.png\" \/><\/p>\n<h3 class=\"h3-Barlow-36pt-3\" style=\"margin-bottom: 0;\">Online Helpdesk<\/h3>\n<\/div>\n<p><strong>Ben\u00f6tigen Sie Informationen? Vielleicht haben wir die Antwort bereits f\u00fcr Sie!<\/strong><\/p>\n<p>Allgemeine Informationen zu Terravision, seinen Diensten, dem Online-Buchungssystem, Zahlungsmethoden und anderen technischen Fragen <a href=\"https:\/\/www.terravision.eu\/italiano\/faq_informazioni_aziendali.html\">finden Sie in den FAQ.<\/a><\/p>\n<\/div>\n<p><strong>Haben Sie Fragen zu unseren Dienstleistungen? Ben\u00f6tigen Sie Hilfe mit Ihrem Ticket?<\/strong><\/p>\n<p>F\u00fcr Informationen oder Fragen zu Ihrer Reservierung k\u00f6nnen Sie uns \u00fcber Ihren pers\u00f6nlichen Bereich unter \u201eNeue Anfrage\u201c kontaktieren.<br \/>\nNoch nicht registriert? <a href=\"http:\/\/book.terravision.eu\/it\/register\">Klicken Sie hier!<\/a><\/p>\n<div class=\"overflow-hidden\"><\/div>\n<\/div>\n<\/div>\n<\/div>\n<div class=\"p-0 border-radius double-card p-relative\">\n<div class=\"row\" style=\"height: 100%;\">\n<div class=\"col align-self-center pl-30 pr-0 pl-m-0\">\n<div class=\"overflow-hidden\">\n<div class=\"separator-trv-n z-index-1 p-relative mb-10\"><\/div>\n<div class=\"d-flex\" style=\"gap: 23px; margin-bottom: 30px;\">\n<p><img decoding=\"async\" class=\"icon-plane\" src=\"https:\/\/www.terravision.eu\/italiano\/files\/2025\/03\/icon-help_chi_siamo.png\" \/><\/p>\n<h3 class=\"h3-Barlow-36pt-3\" style=\"margin-bottom: 0;\">Social<\/h3>\n<\/div>\n<p><strong>Sprechen Sie mit uns!<\/strong>\u00a0\u2013 Teilen Sie uns Ihre Meinung, Ideen und Vorschl\u00e4ge mit<br \/>\n<strong>Bleiben Sie auf dem Laufenden!<\/strong>\u00a0\u2013 Erfahren Sie als Erster von unseren Neuigkeiten und Sonderangeboten!<br \/>\n<strong>Lassen Sie sich inspirieren!<\/strong>\u00a0\u2013 Finden Sie Tipps f\u00fcr Ihr Low-Cost-Reisen und organisieren Sie Ihren Urlaub in Europa<\/p>\n<p><strong>Bleiben wir in Kontakt!<\/strong><\/p>\n<p>Komm in unsere Online-Community und folge uns auf unseren Social-Media-Kan\u00e4len. Wir freuen uns auf dich!<\/p>\n<div class=\"mb-lg-0 mt-25\">\n<ul class=\"list list-unstyled list-inline mb-0\">\n<li class=\"list-inline-item text-color-dark me-md-4 mb-0\"><a class=\"social-top\" href=\"https:\/\/www.facebook.com\/terravision.eu\" target=\"_blank\" rel=\"noopener\"><img decoding=\"async\" class=\"icon-facebook_white\" src=\"https:\/\/www.terravision.eu\/italiano\/files\/2025\/03\/icon-facebook_chi_siamo.png\" \/><\/a><\/li>\n<li class=\"list-inline-item text-color-dark me-md-4 mb-0\"><a class=\"social-top\" href=\"https:\/\/www.instagram.com\/terravision.eu\/\" target=\"_blank\" rel=\"noopener\"><img decoding=\"async\" class=\"icon-facebook_white\" src=\"https:\/\/www.terravision.eu\/italiano\/files\/2025\/03\/icon-instagram_chi_siamo.png\" \/><\/a><\/li>\n<\/ul>\n<\/div>\n<\/div>\n<\/div>\n<\/div>\n<\/div>\n","protected":false},"excerpt":{"rendered":"<p>&nbsp; Online Helpdesk Ben\u00f6tigen Sie Informationen? Vielleicht haben wir die Antwort bereits f\u00fcr Sie! Allgemeine Informationen zu Terravision, seinen Diensten, dem Online-Buchungssystem, Zahlungsmethoden und anderen technischen Fragen finden Sie in den FAQ. Haben Sie Fragen zu unseren Dienstleistungen? Ben\u00f6tigen Sie Hilfe mit Ihrem Ticket? F\u00fcr Informationen oder Fragen zu Ihrer Reservierung k\u00f6nnen Sie uns \u00fcber [&hellip;]<\/p>\n","protected":false},"author":1,"featured_media":0,"parent":0,"menu_order":0,"comment_status":"open","ping_status":"open","template":"","meta":{"footnotes":""},"class_list":["post-298","page","type-page","status-publish","hentry"],"yoast_head":"<!-- This site is optimized with the Yoast SEO Premium plugin v24.4 (Yoast SEO v24.4) - https:\/\/yoast.com\/wordpress\/plugins\/seo\/ -->\n<title>Terravision Support \u2013 FAQ, Tickets und Online-Hilfe<\/title>\n<meta name=\"description\" content=\"Brauchen Sie Hilfe von Terravision? \u2708\ufe0f FAQ, Buchungen &amp; Ticket-Support \u00fcber unser Online-Helpdesk oder Social Media \ud83d\udcf1.\" \/>\n<meta name=\"robots\" content=\"index, follow, max-snippet:-1, max-image-preview:large, max-video-preview:-1\" \/>\n<link rel=\"canonical\" href=\"https:\/\/www.terravision.eu\/tedesco\/contact.html\" \/>\n<meta property=\"og:locale\" content=\"de_DE\" \/>\n<meta property=\"og:type\" content=\"article\" \/>\n<meta property=\"og:title\" content=\"Kontakte | Terravision\" \/>\n<meta property=\"og:description\" content=\"Brauchen Sie Hilfe von Terravision? \u2708\ufe0f FAQ, Buchungen &amp; Ticket-Support \u00fcber unser Online-Helpdesk oder Social Media \ud83d\udcf1.\" \/>\n<meta property=\"og:url\" content=\"https:\/\/www.terravision.eu\/tedesco\/contact.html\" \/>\n<meta property=\"og:site_name\" content=\"Terravision Deutschland\" \/>\n<meta property=\"article:modified_time\" content=\"2026-03-06T14:37:08+00:00\" \/>\n<meta property=\"og:image\" content=\"https:\/\/www.terravision.eu\/italiano\/files\/2025\/03\/icon-info_chi_siamo.png\" \/>\n<meta name=\"twitter:label1\" content=\"Gesch\u00e4tzte Lesezeit\" \/>\n\t<meta name=\"twitter:data1\" content=\"2 minutes\" \/>\n<script type=\"application\/ld+json\" class=\"yoast-schema-graph\">{\"@context\":\"https:\/\/schema.org\",\"@graph\":[{\"@type\":\"WebPage\",\"@id\":\"https:\/\/www.terravision.eu\/tedesco\/contact.html\",\"url\":\"https:\/\/www.terravision.eu\/tedesco\/contact.html\",\"name\":\"Terravision Support \u2013 FAQ, Tickets und Online-Hilfe\",\"isPartOf\":{\"@id\":\"https:\/\/www.terravision.eu\/tedesco\/#website\"},\"primaryImageOfPage\":{\"@id\":\"https:\/\/www.terravision.eu\/tedesco\/contact.html#primaryimage\"},\"image\":{\"@id\":\"https:\/\/www.terravision.eu\/tedesco\/contact.html#primaryimage\"},\"thumbnailUrl\":\"https:\/\/www.terravision.eu\/italiano\/files\/2025\/03\/icon-info_chi_siamo.png\",\"datePublished\":\"2012-08-16T16:47:53+00:00\",\"dateModified\":\"2026-03-06T14:37:08+00:00\",\"description\":\"Brauchen Sie Hilfe von Terravision? \u2708\ufe0f FAQ, Buchungen & Ticket-Support \u00fcber unser Online-Helpdesk oder Social Media \ud83d\udcf1.\",\"breadcrumb\":{\"@id\":\"https:\/\/www.terravision.eu\/tedesco\/contact.html#breadcrumb\"},\"inLanguage\":\"de-DE\",\"potentialAction\":[{\"@type\":\"ReadAction\",\"target\":[\"https:\/\/www.terravision.eu\/tedesco\/contact.html\"]}]},{\"@type\":\"ImageObject\",\"inLanguage\":\"de-DE\",\"@id\":\"https:\/\/www.terravision.eu\/tedesco\/contact.html#primaryimage\",\"url\":\"https:\/\/www.terravision.eu\/italiano\/files\/2025\/03\/icon-info_chi_siamo.png\",\"contentUrl\":\"https:\/\/www.terravision.eu\/italiano\/files\/2025\/03\/icon-info_chi_siamo.png\"},{\"@type\":\"BreadcrumbList\",\"@id\":\"https:\/\/www.terravision.eu\/tedesco\/contact.html#breadcrumb\",\"itemListElement\":[{\"@type\":\"ListItem\",\"position\":1,\"name\":\"Home\",\"item\":\"https:\/\/www.terravision.eu\/tedesco\/\"},{\"@type\":\"ListItem\",\"position\":2,\"name\":\"Kontakte | Terravision\"}]},{\"@type\":\"WebSite\",\"@id\":\"https:\/\/www.terravision.eu\/tedesco\/#website\",\"url\":\"https:\/\/www.terravision.eu\/tedesco\/\",\"name\":\"Terravision Deutschland\",\"description\":\"G\u00fcnstige Verbindungen von\/zu den wichtigsten Flugh\u00e4fen Europas\",\"potentialAction\":[{\"@type\":\"SearchAction\",\"target\":{\"@type\":\"EntryPoint\",\"urlTemplate\":\"https:\/\/www.terravision.eu\/tedesco\/?s={search_term_string}\"},\"query-input\":{\"@type\":\"PropertyValueSpecification\",\"valueRequired\":true,\"valueName\":\"search_term_string\"}}],\"inLanguage\":\"de-DE\"}]}<\/script>\n<!-- \/ Yoast SEO Premium plugin. -->","yoast_head_json":{"title":"Terravision Support \u2013 FAQ, Tickets und Online-Hilfe","description":"Brauchen Sie Hilfe von Terravision? \u2708\ufe0f FAQ, Buchungen & Ticket-Support \u00fcber unser Online-Helpdesk oder Social Media \ud83d\udcf1.","robots":{"index":"index","follow":"follow","max-snippet":"max-snippet:-1","max-image-preview":"max-image-preview:large","max-video-preview":"max-video-preview:-1"},"canonical":"https:\/\/www.terravision.eu\/tedesco\/contact.html","og_locale":"de_DE","og_type":"article","og_title":"Kontakte | Terravision","og_description":"Brauchen Sie Hilfe von Terravision? \u2708\ufe0f FAQ, Buchungen & Ticket-Support \u00fcber unser Online-Helpdesk oder Social Media \ud83d\udcf1.","og_url":"https:\/\/www.terravision.eu\/tedesco\/contact.html","og_site_name":"Terravision Deutschland","article_modified_time":"2026-03-06T14:37:08+00:00","og_image":[{"url":"https:\/\/www.terravision.eu\/italiano\/files\/2025\/03\/icon-info_chi_siamo.png","type":"","width":"","height":""}],"twitter_misc":{"Gesch\u00e4tzte Lesezeit":"2 minutes"},"schema":{"@context":"https:\/\/schema.org","@graph":[{"@type":"WebPage","@id":"https:\/\/www.terravision.eu\/tedesco\/contact.html","url":"https:\/\/www.terravision.eu\/tedesco\/contact.html","name":"Terravision Support \u2013 FAQ, Tickets und Online-Hilfe","isPartOf":{"@id":"https:\/\/www.terravision.eu\/tedesco\/#website"},"primaryImageOfPage":{"@id":"https:\/\/www.terravision.eu\/tedesco\/contact.html#primaryimage"},"image":{"@id":"https:\/\/www.terravision.eu\/tedesco\/contact.html#primaryimage"},"thumbnailUrl":"https:\/\/www.terravision.eu\/italiano\/files\/2025\/03\/icon-info_chi_siamo.png","datePublished":"2012-08-16T16:47:53+00:00","dateModified":"2026-03-06T14:37:08+00:00","description":"Brauchen Sie Hilfe von Terravision? \u2708\ufe0f FAQ, Buchungen & Ticket-Support \u00fcber unser Online-Helpdesk oder Social Media \ud83d\udcf1.","breadcrumb":{"@id":"https:\/\/www.terravision.eu\/tedesco\/contact.html#breadcrumb"},"inLanguage":"de-DE","potentialAction":[{"@type":"ReadAction","target":["https:\/\/www.terravision.eu\/tedesco\/contact.html"]}]},{"@type":"ImageObject","inLanguage":"de-DE","@id":"https:\/\/www.terravision.eu\/tedesco\/contact.html#primaryimage","url":"https:\/\/www.terravision.eu\/italiano\/files\/2025\/03\/icon-info_chi_siamo.png","contentUrl":"https:\/\/www.terravision.eu\/italiano\/files\/2025\/03\/icon-info_chi_siamo.png"},{"@type":"BreadcrumbList","@id":"https:\/\/www.terravision.eu\/tedesco\/contact.html#breadcrumb","itemListElement":[{"@type":"ListItem","position":1,"name":"Home","item":"https:\/\/www.terravision.eu\/tedesco\/"},{"@type":"ListItem","position":2,"name":"Kontakte | Terravision"}]},{"@type":"WebSite","@id":"https:\/\/www.terravision.eu\/tedesco\/#website","url":"https:\/\/www.terravision.eu\/tedesco\/","name":"Terravision Deutschland","description":"G\u00fcnstige Verbindungen von\/zu den wichtigsten Flugh\u00e4fen Europas","potentialAction":[{"@type":"SearchAction","target":{"@type":"EntryPoint","urlTemplate":"https:\/\/www.terravision.eu\/tedesco\/?s={search_term_string}"},"query-input":{"@type":"PropertyValueSpecification","valueRequired":true,"valueName":"search_term_string"}}],"inLanguage":"de-DE"}]}},"_links":{"self":[{"href":"https:\/\/www.terravision.eu\/tedesco\/wp-json\/wp\/v2\/pages\/298","targetHints":{"allow":["GET"]}}],"collection":[{"href":"https:\/\/www.terravision.eu\/tedesco\/wp-json\/wp\/v2\/pages"}],"about":[{"href":"https:\/\/www.terravision.eu\/tedesco\/wp-json\/wp\/v2\/types\/page"}],"author":[{"embeddable":true,"href":"https:\/\/www.terravision.eu\/tedesco\/wp-json\/wp\/v2\/users\/1"}],"replies":[{"embeddable":true,"href":"https:\/\/www.terravision.eu\/tedesco\/wp-json\/wp\/v2\/comments?post=298"}],"version-history":[{"count":11,"href":"https:\/\/www.terravision.eu\/tedesco\/wp-json\/wp\/v2\/pages\/298\/revisions"}],"predecessor-version":[{"id":20438,"href":"https:\/\/www.terravision.eu\/tedesco\/wp-json\/wp\/v2\/pages\/298\/revisions\/20438"}],"wp:attachment":[{"href":"https:\/\/www.terravision.eu\/tedesco\/wp-json\/wp\/v2\/media?parent=298"}],"curies":[{"name":"wp","href":"https:\/\/api.w.org\/{rel}","templated":true}]}}