{"id":346,"date":"2012-08-27T13:08:14","date_gmt":"2012-08-27T13:08:14","guid":{"rendered":"https:\/\/www.terravision.eu\/zoomarine_bus-html-2"},"modified":"2012-08-27T13:08:14","modified_gmt":"2012-08-27T13:08:14","slug":"zoomarine_bus","status":"publish","type":"page","link":"https:\/\/www.terravision.eu\/tedesco\/zoomarine_bus.html","title":{"rendered":"Zoomarine Shuttle-Bus"},"content":{"rendered":"<div id=\"article-single-airport\">\n<div class=\"title\">Buchen Sie Ihre <span class=\"strong\">Zoomarine<\/span> &#8211; Tickets mit Terravision und erhalten Sie den Bustransfer gratis<\/div>\n<div class=\"content\">\n<p>Kaufen Sie Ihre Tickets f\u00fcr den <strong>Zoormarine Wasser-Vergn\u00fcgungspark<\/strong> in Rom (Torvajanica) f\u00fcr einen Tag mit Spa\u00df und Spiel, mit Shows von Delphinen, V\u00f6geln und vielen anderen Meeress\u00e4ugern.   <\/p>\n<p>Verf\u00fcgbare Routen:<span class=\"routes\">Rome Termini zum Zoomarine<\/span> <\/p>\n<p> <span class=\"light\">Fahrzeit: 50 Min.<\/span> <\/p>\n<table>\n<tbody>\n<tr>\n<td class=\"direction-1-2\">Rom Termini Station<\/td>\n<td class=\"direction-2-2\">Zoomarine<\/td>\n<\/tr>\n<\/tbody>\n<\/table>\n<p><strong>Enth\u00e4lt:<\/strong><br \/>\n&#8211;\tGratis-Shuttle-Bus zum Zoomarine<br \/>\n&#8211;\tBevorzugter Zugang zum Park  <\/p>\n<p><strong>Preis:<\/strong> Erwachsene : \u20ac 25,00 | Kinder (10-18) : \u20ac 18,00 | Kinder (0-10) : \u20ac 8,00 <\/div>\n<\/div>\n<div style=\"overflow: hidden;float: right;height: 500px\">\n<div class=\"content-right 1\"> <span class=\"price\">25<\/span><span class=\"valuta\"> \u00a3<\/span> <\/div>\n<\/p><\/div>\n<div class=\"information\">Nur an Wochenenden verf\u00fcgbar. Bis zum 14. Oktober <strong>Meeting Point<\/strong>:Terracaf\u00e8-Lounge Rom Termini Station, Bahnsteig 1\/Via Marsala, 29 F-G <strong>Abfahrt<\/strong>: 9.00 Uhr <strong>R\u00fcckfahrt<\/strong>: 19.00 Uhr <\/div>\n","protected":false},"excerpt":{"rendered":"<p>Buchen Sie Ihre Zoomarine &#8211; Tickets mit Terravision und erhalten Sie den Bustransfer gratis Kaufen Sie Ihre Tickets f\u00fcr den Zoormarine Wasser-Vergn\u00fcgungspark in Rom (Torvajanica) f\u00fcr einen Tag mit Spa\u00df und Spiel, mit Shows von Delphinen, V\u00f6geln und vielen anderen Meeress\u00e4ugern. Verf\u00fcgbare Routen:Rome Termini zum Zoomarine Fahrzeit: 50 Min. Rom Termini Station Zoomarine Enth\u00e4lt: &#8211; [&hellip;]<\/p>\n","protected":false},"author":1,"featured_media":0,"parent":0,"menu_order":0,"comment_status":"open","ping_status":"open","template":"","meta":{"footnotes":""},"class_list":["post-346","page","type-page","status-publish","hentry"],"yoast_head":"<!-- This site is optimized with the Yoast SEO Premium plugin v24.4 (Yoast SEO v24.4) - https:\/\/yoast.com\/wordpress\/plugins\/seo\/ -->\n<title>Zoomarine Shuttle-Bus | Terravision Deutschland<\/title>\n<meta name=\"robots\" content=\"index, follow, max-snippet:-1, max-image-preview:large, max-video-preview:-1\" \/>\n<link rel=\"canonical\" href=\"https:\/\/www.terravision.eu\/tedesco\/zoomarine_bus.html\" \/>\n<meta property=\"og:locale\" content=\"de_DE\" \/>\n<meta property=\"og:type\" content=\"article\" \/>\n<meta property=\"og:title\" content=\"Zoomarine Shuttle-Bus\" \/>\n<meta property=\"og:description\" content=\"Buchen Sie Ihre Zoomarine &#8211; Tickets mit Terravision und erhalten Sie den Bustransfer gratis Kaufen Sie Ihre Tickets f\u00fcr den Zoormarine Wasser-Vergn\u00fcgungspark in Rom (Torvajanica) f\u00fcr einen Tag mit Spa\u00df und Spiel, mit Shows von Delphinen, V\u00f6geln und vielen anderen Meeress\u00e4ugern. Verf\u00fcgbare Routen:Rome Termini zum Zoomarine Fahrzeit: 50 Min. Rom Termini Station Zoomarine Enth\u00e4lt: &#8211; [&hellip;]\" \/>\n<meta property=\"og:url\" content=\"https:\/\/www.terravision.eu\/tedesco\/zoomarine_bus.html\" \/>\n<meta property=\"og:site_name\" content=\"Terravision Deutschland\" \/>\n<meta name=\"twitter:label1\" content=\"Gesch\u00e4tzte Lesezeit\" \/>\n\t<meta name=\"twitter:data1\" content=\"1 minute\" \/>\n<script type=\"application\/ld+json\" class=\"yoast-schema-graph\">{\"@context\":\"https:\/\/schema.org\",\"@graph\":[{\"@type\":\"WebPage\",\"@id\":\"https:\/\/www.terravision.eu\/tedesco\/zoomarine_bus.html\",\"url\":\"https:\/\/www.terravision.eu\/tedesco\/zoomarine_bus.html\",\"name\":\"Zoomarine Shuttle-Bus | Terravision Deutschland\",\"isPartOf\":{\"@id\":\"https:\/\/www.terravision.eu\/tedesco\/#website\"},\"datePublished\":\"2012-08-27T13:08:14+00:00\",\"breadcrumb\":{\"@id\":\"https:\/\/www.terravision.eu\/tedesco\/zoomarine_bus.html#breadcrumb\"},\"inLanguage\":\"de-DE\",\"potentialAction\":[{\"@type\":\"ReadAction\",\"target\":[\"https:\/\/www.terravision.eu\/tedesco\/zoomarine_bus.html\"]}]},{\"@type\":\"BreadcrumbList\",\"@id\":\"https:\/\/www.terravision.eu\/tedesco\/zoomarine_bus.html#breadcrumb\",\"itemListElement\":[{\"@type\":\"ListItem\",\"position\":1,\"name\":\"Home\",\"item\":\"https:\/\/www.terravision.eu\/tedesco\/\"},{\"@type\":\"ListItem\",\"position\":2,\"name\":\"Zoomarine Shuttle-Bus\"}]},{\"@type\":\"WebSite\",\"@id\":\"https:\/\/www.terravision.eu\/tedesco\/#website\",\"url\":\"https:\/\/www.terravision.eu\/tedesco\/\",\"name\":\"Terravision Deutschland\",\"description\":\"G\u00fcnstige Verbindungen von\/zu den wichtigsten Flugh\u00e4fen Europas\",\"potentialAction\":[{\"@type\":\"SearchAction\",\"target\":{\"@type\":\"EntryPoint\",\"urlTemplate\":\"https:\/\/www.terravision.eu\/tedesco\/?s={search_term_string}\"},\"query-input\":{\"@type\":\"PropertyValueSpecification\",\"valueRequired\":true,\"valueName\":\"search_term_string\"}}],\"inLanguage\":\"de-DE\"}]}<\/script>\n<!-- \/ Yoast SEO Premium plugin. -->","yoast_head_json":{"title":"Zoomarine Shuttle-Bus | Terravision Deutschland","robots":{"index":"index","follow":"follow","max-snippet":"max-snippet:-1","max-image-preview":"max-image-preview:large","max-video-preview":"max-video-preview:-1"},"canonical":"https:\/\/www.terravision.eu\/tedesco\/zoomarine_bus.html","og_locale":"de_DE","og_type":"article","og_title":"Zoomarine Shuttle-Bus","og_description":"Buchen Sie Ihre Zoomarine &#8211; Tickets mit Terravision und erhalten Sie den Bustransfer gratis Kaufen Sie Ihre Tickets f\u00fcr den Zoormarine Wasser-Vergn\u00fcgungspark in Rom (Torvajanica) f\u00fcr einen Tag mit Spa\u00df und Spiel, mit Shows von Delphinen, V\u00f6geln und vielen anderen Meeress\u00e4ugern. Verf\u00fcgbare Routen:Rome Termini zum Zoomarine Fahrzeit: 50 Min. Rom Termini Station Zoomarine Enth\u00e4lt: &#8211; [&hellip;]","og_url":"https:\/\/www.terravision.eu\/tedesco\/zoomarine_bus.html","og_site_name":"Terravision Deutschland","twitter_misc":{"Gesch\u00e4tzte Lesezeit":"1 minute"},"schema":{"@context":"https:\/\/schema.org","@graph":[{"@type":"WebPage","@id":"https:\/\/www.terravision.eu\/tedesco\/zoomarine_bus.html","url":"https:\/\/www.terravision.eu\/tedesco\/zoomarine_bus.html","name":"Zoomarine Shuttle-Bus | Terravision Deutschland","isPartOf":{"@id":"https:\/\/www.terravision.eu\/tedesco\/#website"},"datePublished":"2012-08-27T13:08:14+00:00","breadcrumb":{"@id":"https:\/\/www.terravision.eu\/tedesco\/zoomarine_bus.html#breadcrumb"},"inLanguage":"de-DE","potentialAction":[{"@type":"ReadAction","target":["https:\/\/www.terravision.eu\/tedesco\/zoomarine_bus.html"]}]},{"@type":"BreadcrumbList","@id":"https:\/\/www.terravision.eu\/tedesco\/zoomarine_bus.html#breadcrumb","itemListElement":[{"@type":"ListItem","position":1,"name":"Home","item":"https:\/\/www.terravision.eu\/tedesco\/"},{"@type":"ListItem","position":2,"name":"Zoomarine Shuttle-Bus"}]},{"@type":"WebSite","@id":"https:\/\/www.terravision.eu\/tedesco\/#website","url":"https:\/\/www.terravision.eu\/tedesco\/","name":"Terravision Deutschland","description":"G\u00fcnstige Verbindungen von\/zu den wichtigsten Flugh\u00e4fen Europas","potentialAction":[{"@type":"SearchAction","target":{"@type":"EntryPoint","urlTemplate":"https:\/\/www.terravision.eu\/tedesco\/?s={search_term_string}"},"query-input":{"@type":"PropertyValueSpecification","valueRequired":true,"valueName":"search_term_string"}}],"inLanguage":"de-DE"}]}},"_links":{"self":[{"href":"https:\/\/www.terravision.eu\/tedesco\/wp-json\/wp\/v2\/pages\/346","targetHints":{"allow":["GET"]}}],"collection":[{"href":"https:\/\/www.terravision.eu\/tedesco\/wp-json\/wp\/v2\/pages"}],"about":[{"href":"https:\/\/www.terravision.eu\/tedesco\/wp-json\/wp\/v2\/types\/page"}],"author":[{"embeddable":true,"href":"https:\/\/www.terravision.eu\/tedesco\/wp-json\/wp\/v2\/users\/1"}],"replies":[{"embeddable":true,"href":"https:\/\/www.terravision.eu\/tedesco\/wp-json\/wp\/v2\/comments?post=346"}],"version-history":[{"count":0,"href":"https:\/\/www.terravision.eu\/tedesco\/wp-json\/wp\/v2\/pages\/346\/revisions"}],"wp:attachment":[{"href":"https:\/\/www.terravision.eu\/tedesco\/wp-json\/wp\/v2\/media?parent=346"}],"curies":[{"name":"wp","href":"https:\/\/api.w.org\/{rel}","templated":true}]}}