{"id":356,"date":"2012-08-28T13:58:16","date_gmt":"2012-08-28T13:58:16","guid":{"rendered":"https:\/\/www.terravision.eu\/privacy-policy-2"},"modified":"2024-04-19T08:38:21","modified_gmt":"2024-04-19T08:38:21","slug":"privacy-policy","status":"publish","type":"page","link":"https:\/\/www.terravision.eu\/tedesco\/privacy-policy.html","title":{"rendered":"Datenschutz"},"content":{"rendered":"<p><strong>DATENSCHUTZ<\/strong><\/p>\n<p>Hiermit informieren wir Sie ordnungsgem\u00e4\u00df \u00fcber die Verarbeitung Ihrer Daten und die Verfahren sowie \u00fcber die Weiterleitung und Offenlegung Ihrer Daten, die Sie Terravision (hiernach der Einfachheit halber als \u201eUnternehmen\u201c bezeichnet) zum Zwecke der Teilnahme an der Webseite www.terravision.eu (hiernach der Einfachheit halber als \u201eSeite\u201c bezeichnet) zur Verf\u00fcgung gestellt haben.<br \/>\nZweck und Umfang der Datenverarbeitung richten sich streng nach Ihrer Teilnahme an der Seite.<br \/>\nDas Unternehmen kann die Daten, die Sie ihm zur Verf\u00fcgung gestellt haben, f\u00fcr alle Zwecke verwenden, die sich auf Ihre Teilnahme beziehen, einschlie\u00dflich der M\u00f6glichkeit, Ihnen Zugang zu allen Dienstleistungen zu gew\u00e4hren, die auf der Seite angeboten werden. Das Unternehmen beh\u00e4lt sich vor, diese Daten ebenfalls f\u00fcr alle anderen rechtlichen Zwecke im Zusammenhang mit seiner Gesch\u00e4ftst\u00e4tigkeit zu verwenden.<br \/>\nJe nach Bedarf ist Terravision berechtigt, diese Datenschutzbestimmungen nach Initiativen dieses Bereichs oder Gesetzes\u00e4nderungen zu IIP oder relevanten Verarbeitungsverfahren zur Sammlung und Nutzung von Daten, Dienstleistungen oder Technologien zu \u00e4ndern.<br \/>\nDiese \u00c4nderungen treten mit der Ver\u00f6ffentlichung durch das Unternehmen auf der Seite in Kraft.<br \/>\nDurch die Fortsetzung der Nutzung der Dienstleistungen, die von Terravision angeboten werden, nach der Ver\u00f6ffentlichung der aktualisierten Version der Datenschutzbestimmungen, akzeptiert der Benutzer stillschweigend die ge\u00e4nderten Datenschutzbestimmungen. Daher ist es wichtig, dass der Benutzer sich die Datenschutzbestimmungen regelm\u00e4\u00dfig durchliest, um bei allen \u00c4nderungen auf dem Laufenden zu sein. Sollte Terravision erhebliche \u00c4nderungen der IIP und relevanten Verfahren zur Zusammenstellung und Verwendung von Daten vornehmen, unterliegen die einzelnen Benutzer-IIP und die relevante Datenverwaltung immer noch den Datschutzbestimmungen unter dessen Bedingungen die Daten zusammengestellt wurden, vorausgesetzt der Benutzer wurde informiert und hat keinen Einwand gegen die \u00c4nderungen vorgebracht.<br \/>\nInsbesondere kann das Unternehmen:a) Daten verarbeiten, die Sie ihm zur Durchf\u00fchrung von Analysen, Marktbeobachtungen und Statistiken zur Verbraucherzufriedenheit und Vorlieben zur Nutzung der Dienste zur Verf\u00fcgung gestellt haben;b) Ihre Daten, und jene, die aus Ihrer Navigation auf der Seite abgeleitet werden k\u00f6nnen, um kommerzielle Profile zu erkennen und diese f\u00fcr Marketing-Zwecke, Werbung und zur Verkaufsf\u00f6rderung einzusetzen; f\u00fcr diese Zwecke kann das Unternehmen Cookies verwenden, das sind kleine Dateien, die von Ihrem Computer gespeichert werden, um Ihre Navigation auf den Seiten zu \u00fcberwachen;c) Sie von neuen Eigenschaften der Seite zu unterrichten und, allgemeiner gefasst, von den Initiativen des Unternehmens.F\u00fcr Verarbeitungszwecke und im Rahmen der Darstellungen oben k\u00f6nnen alle Ihre Daten auch an Dritte, \u00f6ffentliche oder private Personen, weitergegeben werden, wie auch an Unternehmen, die Marktforschungen durchf\u00fchren und Statistiken erstellen und an Unternehmen, die Marketing-Strategien erstellen und sich mit Werbung besch\u00e4ftigen.Die Bereitstellung von Daten und Einwilligung in die Verarbeitung, Kommunikation und Offenlegung sind f\u00fcr die Projektteilnahme verbindlich und die oben genannten Zwecke erforderlich. Wenn die erforderlichen Daten nicht bereitgestellt werden, oder die Zustimmung zur entsprechenden Verarbeitung, Weitergabe und Offenlegung verweigert wird, kann am Projekt und seinen Aktivit\u00e4ten nicht teilgenommen werden.<br \/>\nIhre pers\u00f6nlichen Daten werden elektronisch von Personen sowohl Offline als auch Online verarbeitet, die insbesondere vom Unternehmen beauftragt wurden, wie dessen Mitarbeiter, Partner oder Berater.<br \/>\nDie Seite kann Links enthalten, die Sie auf andere Seiten weiterleiten. Seiten, die mit www.terravision.eu verlinkt sind, entziehen sich der Kontrolle durch das Unternehmen und dessen Datenschutzregelungen k\u00f6nnen von den hier beschriebenen abweichen. Folglich ist das Unternehmen in keiner Weise verantwortlich f\u00fcr die Verletzung Ihrer Privatsph\u00e4re auf anderen Seiten, als der www.terravision.eu.<br \/>\nDar\u00fcber hinaus haftet das Unternehmen nicht in irgendeiner Weise f\u00fcr die direkte \u00dcbermittlung Ihrer pers\u00f6nlichen Daten oder vertraulichen Informationen oder Informationen irgendwelcher anderer Art auf Seitenabschnitten, die zu Foren geh\u00f6ren.<br \/>\nDas Unternehmen beh\u00e4lt sich vor, die von Ihnen zur Verf\u00fcgung gestellten Daten an jeden K\u00e4ufer des Unternehmens oder seine Zweigstellen weiterzuleiten.<br \/>\nSie k\u00f6nnen Ihre Rechte aus\u00fcben, wie die des Zugriffs, die Information \u00fcber Angaben zu den Quellen der pers\u00f6nlichen Daten, zu den Zwecken und Verfahren der Datenverarbeitung, zu den Identit\u00e4tsdaten der f\u00fcr die Datenverarbeitung verantwortlichen Personen, und Einzelpersonen oder Gruppen von Einzelpersonen, denen diese Daten offengelegt oder zug\u00e4nlich gemacht werden, wie auch das Recht auf Aktualisierung, Berichtigung, Integration, Widerruf, Transformation, Blockierung von unrechtm\u00e4\u00dfig verarbeiteten Daten \u2013 Sie haben ebenso das Recht, sich mit dem Verwalter der Daten unter den unten angegebenen Adressen in Verbindung zu setzen:<br \/>\nAls Verwalter der Daten ist Terravision London Finance zu kontaktieren, per E-Mail an: dpo@terravision.eu<br \/>\nB\u00fcros: Terravision London Finance Ltd.<br \/>\n260-270 Butterfield, Great Marlings, Luton LU2 8DL<\/p>\n<p>Diese Datenschutzbestimmungen k\u00f6nnen \u00c4nderungen unterliegen. Alle \u00c4nderungen bed\u00fcrfen einer Ver\u00f6ffentlichung auf dieser Seite.<\/p>\n<p><a name=\"cookiepolicy_de\"><\/a>COOKIES-RICHTLINIE<\/p>\n<p>Terravision m\u00f6chte sicherstellen, dass Sie unsere Website m\u00f6glichst reibungslos, zuverl\u00e4ssig und erfolgreich nutzen k\u00f6nnen. Zu diesem Zweck verwenden wir Cookies und \u00e4hnliche Technologien (im Folgenden \u201eCookies\u201c).<br \/>\nBei Ihrem ersten Besuch auf unserer Website weisen wir Sie durch ein Informationsbanner am Anfang der Seite darauf hin, dass wir Cookies verwenden. Durch die weitere Nutzung der Website stimmen Sie der Verwendung von Cookies durch Terravision zu. Sie k\u00f6nnen Ihre Cookie-Einstellungen jedoch jederzeit mit Hilfe unseres Tools \u201eCookie-Einwilligung\u201c \u00e4ndern. Im Folgenden finden Sie weitere Informationen \u00fcber die Verwaltung Ihrer Cookie-Einstellungen.<\/p>\n<p><strong>Was sind Cookies?<\/strong><\/p>\n<p>Cookies sind kleine Textdateien, die automatisch auf Ihrem PC oder mobilen Ger\u00e4t abgelegt werden, wenn Sie eine Website besuchen. Sie werden in Ihrem Webbrowser gespeichert. Cookies enthalten allgemeine Informationen \u00fcber Ihre Internetnutzung, identifizieren Sie aber nicht pers\u00f6nlich. Ihr Browser sendet diese Cookies bei jedem erneuten Besuch an unsere Website zur\u00fcck. So k\u00f6nnen wir Ihr Ger\u00e4t wieder erkennen und unsere Website f\u00fcr Sie personalisieren und optimieren.<br \/>\nWir verwenden beispielsweise Cookies, die Ihre Anmeldedaten enthalten, damit Sie sich w\u00e4hrend des Besuchs unserer Website nicht st\u00e4ndig neu anmelden m\u00fcssen. Mit Hilfe anderer Cookies k\u00f6nnen wir feststellen, was Sie auf unserer Website besonders interessiert und was nicht. So k\u00f6nnen wir Ihnen bei Ihrem n\u00e4chsten Besuch die Funktionen anbieten, die f\u00fcr Sie besonders relevant und hilfreich sind. Au\u00dferdem nutzen wir Cookies, um die Effektivit\u00e4t der auf unserer Website enthaltenen Werbebotschaften zu ermitteln und das typische Nutzerverhalten zu analysieren.<br \/>\nWir arbeiten mit Werbepartnern zusammen, damit Sie \u00fcber unsere Website weitere interessante und spannende Reiseangebote finden k\u00f6nnen. Wir platzieren also eigene Cookies (\u201eEigen-Cookies\u201c) und erm\u00f6glichen es Partnern, die Werbung auf unserer Website pr\u00e4sentieren, \u201eDritt-Cookies\u201c zu verwenden. Diese Cookies speichern Informationen \u00fcber Ihren Umgang mit Werbeinhalten. Mit Hilfe dieser Informationen k\u00f6nnen unsere Partner Ihnen sp\u00e4ter f\u00fcr Sie voraussichtlich interessante Werbebotschaften pr\u00e4sentieren und Ihnen damit das Surfen so angenehmer machen.<br \/>\nEinige Cookies, die so genannten Session-Cookies, bleiben nur so lange auf Ihrem Ger\u00e4t gespeichert, wie der Webbrowser ge\u00f6ffnet ist, und werden beim Schlie\u00dfen des Browsers automatisch gel\u00f6scht. Andere Cookies, die so genannten dauerhaften Cookies, bleiben auch nach dem Schlie\u00dfen des Browsers auf Ihrem Ger\u00e4t gespeichert. Dadurch k\u00f6nnen Websites Ihr Ger\u00e4t identifizieren, wenn Sie den Browser erneut \u00f6ffnen, und Ihnen so das Surfen im Internet so weit wie m\u00f6glich erleichtern.<br \/>\nDie Verwendung der Daten, die wir mit Hilfe der von Ihnen angenommenen Cookies erheben, unterliegt unserer Datenschutzerkl\u00e4rung. Am Ende jeder Seite finden Sie einen Link zu dieser Erkl\u00e4rung.<\/p>\n<p><strong>Welche Arten von Cookies verwendet Terravision?<\/strong><\/p>\n<p>Die von uns verwendeten Cookies lassen sich in drei Gruppen unterteilen. Diese Gruppen werden im Folgenden genauer beschrieben. Weitere Informationen \u00fcber die zur jeweiligen Gruppe geh\u00f6rigen Cookies finden Sie in unserem Tool zur Cookie-Einwilligung.<\/p>\n<p><strong>Essentielle Cookies<\/strong><\/p>\n<p>Mit Hilfe dieser Cookies k\u00f6nnen Sie unsere Website aufrufen, durch die Website surfen und alle wichtigen Funktionen nutzen. Ohne diese Cookies w\u00fcrde unsere Website nicht korrekt funktionieren und Sie k\u00f6nnten bestimmte wichtige Funktionen nicht nutzen. Wir verwenden beispielsweise ein Cookie, mit dem Sie w\u00e4hrend Ihres Besuchs auf unserer Website angemeldet bleiben, damit Sie nicht auf jeder Seite Ihre Anmeldedaten erneut eingeben m\u00fcssen. Au\u00dferdem setzen wir essentielle Cookies ein, um Betrugsversuche zu erkennen und zu verhindern.<br \/>\nSie werden feststellen, dass Sie der Verwendung essentieller Cookies im Tool zur Cookie-Einwilligung nicht widersprechen k\u00f6nnen. Wir schlie\u00dfen das aus, weil Sie diese Cookies ben\u00f6tigen, um unsere Website aufzurufen und deren Inhalte und Funktionen zu nutzen.<\/p>\n<p><strong>Cookies zur Analyse und Kundenanpassung<\/strong><\/p>\n<p>Terravision m\u00f6chte Ihnen die Nutzung der Website m\u00f6glichst reibungslos und angenehm gestalten. Mit Hilfe bestimmter Cookies k\u00f6nnen wir analysieren, wie sich die Nutzer unserer Website verhalten, und die Website entsprechend optimieren. Cookies liefern uns anonymisierte Daten dar\u00fcber, welche Teile unserer Website die Nutzer besonders interessieren und ob irgendwelche St\u00f6rungen auftreten. Mit Cookies analysieren wir, wie unsere Besucher auf unsere Website gelangen, und testen verschiedene Gestaltungsoptionen und Funktionen.<br \/>\nAu\u00dferdem speichern wir mit Hilfe von Cookies Ihre Einstellungen und Pr\u00e4ferenzen, beispielsweise Ihre bevorzugte Spracheinstellung und die Suchbegriffe, die Sie bei fr\u00fcheren Suchvorg\u00e4ngen eingegeben haben. Einige Cookies zur Kundenanpassung sind erforderlich, um bestimmte Funktionen der Website zu nutzen.<\/p>\n<p><strong>Werbe-Cookies<\/strong><\/p>\n<p>Werbe-Cookies sorgen daf\u00fcr, dass Werbeinhalte, die Ihnen auf unserer Website pr\u00e4sentiert werden, f\u00fcr Sie m\u00f6glichst relevant sind. Mit Hilfe bestimmter Werbe-Cookies werden beispielsweise Werbeinhalte auf Ihre Interessen abgestimmt. Andere verhindern, dass Ihnen st\u00e4ndig dieselbe Werbebotschaft gezeigt wird.<br \/>\nAu\u00dferdem m\u00f6chten wir es Ihnen so einfach wie m\u00f6glich machen, Inhalte von Terravision \u00fcber Ihr bevorzugtes soziales Netzwerk mit Ihren Freunden zu teilen. Daher geh\u00f6ren zu den verwendeten Werbe-Cookies auch die Cookies sozialer Netzwerke, die das einfache und nahtlose Teilen von Inhalten erm\u00f6glichen.<\/p>\n","protected":false},"excerpt":{"rendered":"<p>DATENSCHUTZ Hiermit informieren wir Sie ordnungsgem\u00e4\u00df \u00fcber die Verarbeitung Ihrer Daten und die Verfahren sowie \u00fcber die Weiterleitung und Offenlegung Ihrer Daten, die Sie Terravision (hiernach der Einfachheit halber als \u201eUnternehmen\u201c bezeichnet) zum Zwecke der Teilnahme an der Webseite www.terravision.eu (hiernach der Einfachheit halber als \u201eSeite\u201c bezeichnet) zur Verf\u00fcgung gestellt haben. Zweck und Umfang der [&hellip;]<\/p>\n","protected":false},"author":1,"featured_media":0,"parent":0,"menu_order":0,"comment_status":"open","ping_status":"open","template":"","meta":{"footnotes":""},"class_list":["post-356","page","type-page","status-publish","hentry"],"yoast_head":"<!-- This site is optimized with the Yoast SEO Premium plugin v24.4 (Yoast SEO v24.4) - https:\/\/yoast.com\/wordpress\/plugins\/seo\/ -->\n<title>Datenschutz | Terravision Deutschland<\/title>\n<meta name=\"robots\" content=\"index, follow, max-snippet:-1, max-image-preview:large, max-video-preview:-1\" \/>\n<link rel=\"canonical\" href=\"https:\/\/www.terravision.eu\/tedesco\/privacy-policy.html\" \/>\n<meta property=\"og:locale\" content=\"de_DE\" \/>\n<meta property=\"og:type\" content=\"article\" \/>\n<meta property=\"og:title\" content=\"Datenschutz\" \/>\n<meta property=\"og:description\" content=\"DATENSCHUTZ Hiermit informieren wir Sie ordnungsgem\u00e4\u00df \u00fcber die Verarbeitung Ihrer Daten und die Verfahren sowie \u00fcber die Weiterleitung und Offenlegung Ihrer Daten, die Sie Terravision (hiernach der Einfachheit halber als \u201eUnternehmen\u201c bezeichnet) zum Zwecke der Teilnahme an der Webseite www.terravision.eu (hiernach der Einfachheit halber als \u201eSeite\u201c bezeichnet) zur Verf\u00fcgung gestellt haben. Zweck und Umfang der [&hellip;]\" \/>\n<meta property=\"og:url\" content=\"https:\/\/www.terravision.eu\/tedesco\/privacy-policy.html\" \/>\n<meta property=\"og:site_name\" content=\"Terravision Deutschland\" \/>\n<meta property=\"article:modified_time\" content=\"2024-04-19T08:38:21+00:00\" \/>\n<meta name=\"twitter:label1\" content=\"Gesch\u00e4tzte Lesezeit\" \/>\n\t<meta name=\"twitter:data1\" content=\"8 minutes\" \/>\n<script type=\"application\/ld+json\" class=\"yoast-schema-graph\">{\"@context\":\"https:\/\/schema.org\",\"@graph\":[{\"@type\":\"WebPage\",\"@id\":\"https:\/\/www.terravision.eu\/tedesco\/privacy-policy.html\",\"url\":\"https:\/\/www.terravision.eu\/tedesco\/privacy-policy.html\",\"name\":\"Datenschutz | Terravision Deutschland\",\"isPartOf\":{\"@id\":\"https:\/\/www.terravision.eu\/tedesco\/#website\"},\"datePublished\":\"2012-08-28T13:58:16+00:00\",\"dateModified\":\"2024-04-19T08:38:21+00:00\",\"breadcrumb\":{\"@id\":\"https:\/\/www.terravision.eu\/tedesco\/privacy-policy.html#breadcrumb\"},\"inLanguage\":\"de-DE\",\"potentialAction\":[{\"@type\":\"ReadAction\",\"target\":[\"https:\/\/www.terravision.eu\/tedesco\/privacy-policy.html\"]}]},{\"@type\":\"BreadcrumbList\",\"@id\":\"https:\/\/www.terravision.eu\/tedesco\/privacy-policy.html#breadcrumb\",\"itemListElement\":[{\"@type\":\"ListItem\",\"position\":1,\"name\":\"Home\",\"item\":\"https:\/\/www.terravision.eu\/tedesco\/\"},{\"@type\":\"ListItem\",\"position\":2,\"name\":\"Datenschutz\"}]},{\"@type\":\"WebSite\",\"@id\":\"https:\/\/www.terravision.eu\/tedesco\/#website\",\"url\":\"https:\/\/www.terravision.eu\/tedesco\/\",\"name\":\"Terravision Deutschland\",\"description\":\"G\u00fcnstige Verbindungen von\/zu den wichtigsten Flugh\u00e4fen Europas\",\"potentialAction\":[{\"@type\":\"SearchAction\",\"target\":{\"@type\":\"EntryPoint\",\"urlTemplate\":\"https:\/\/www.terravision.eu\/tedesco\/?s={search_term_string}\"},\"query-input\":{\"@type\":\"PropertyValueSpecification\",\"valueRequired\":true,\"valueName\":\"search_term_string\"}}],\"inLanguage\":\"de-DE\"}]}<\/script>\n<!-- \/ Yoast SEO Premium plugin. -->","yoast_head_json":{"title":"Datenschutz | Terravision Deutschland","robots":{"index":"index","follow":"follow","max-snippet":"max-snippet:-1","max-image-preview":"max-image-preview:large","max-video-preview":"max-video-preview:-1"},"canonical":"https:\/\/www.terravision.eu\/tedesco\/privacy-policy.html","og_locale":"de_DE","og_type":"article","og_title":"Datenschutz","og_description":"DATENSCHUTZ Hiermit informieren wir Sie ordnungsgem\u00e4\u00df \u00fcber die Verarbeitung Ihrer Daten und die Verfahren sowie \u00fcber die Weiterleitung und Offenlegung Ihrer Daten, die Sie Terravision (hiernach der Einfachheit halber als \u201eUnternehmen\u201c bezeichnet) zum Zwecke der Teilnahme an der Webseite www.terravision.eu (hiernach der Einfachheit halber als \u201eSeite\u201c bezeichnet) zur Verf\u00fcgung gestellt haben. Zweck und Umfang der [&hellip;]","og_url":"https:\/\/www.terravision.eu\/tedesco\/privacy-policy.html","og_site_name":"Terravision Deutschland","article_modified_time":"2024-04-19T08:38:21+00:00","twitter_misc":{"Gesch\u00e4tzte Lesezeit":"8 minutes"},"schema":{"@context":"https:\/\/schema.org","@graph":[{"@type":"WebPage","@id":"https:\/\/www.terravision.eu\/tedesco\/privacy-policy.html","url":"https:\/\/www.terravision.eu\/tedesco\/privacy-policy.html","name":"Datenschutz | Terravision Deutschland","isPartOf":{"@id":"https:\/\/www.terravision.eu\/tedesco\/#website"},"datePublished":"2012-08-28T13:58:16+00:00","dateModified":"2024-04-19T08:38:21+00:00","breadcrumb":{"@id":"https:\/\/www.terravision.eu\/tedesco\/privacy-policy.html#breadcrumb"},"inLanguage":"de-DE","potentialAction":[{"@type":"ReadAction","target":["https:\/\/www.terravision.eu\/tedesco\/privacy-policy.html"]}]},{"@type":"BreadcrumbList","@id":"https:\/\/www.terravision.eu\/tedesco\/privacy-policy.html#breadcrumb","itemListElement":[{"@type":"ListItem","position":1,"name":"Home","item":"https:\/\/www.terravision.eu\/tedesco\/"},{"@type":"ListItem","position":2,"name":"Datenschutz"}]},{"@type":"WebSite","@id":"https:\/\/www.terravision.eu\/tedesco\/#website","url":"https:\/\/www.terravision.eu\/tedesco\/","name":"Terravision Deutschland","description":"G\u00fcnstige Verbindungen von\/zu den wichtigsten Flugh\u00e4fen Europas","potentialAction":[{"@type":"SearchAction","target":{"@type":"EntryPoint","urlTemplate":"https:\/\/www.terravision.eu\/tedesco\/?s={search_term_string}"},"query-input":{"@type":"PropertyValueSpecification","valueRequired":true,"valueName":"search_term_string"}}],"inLanguage":"de-DE"}]}},"_links":{"self":[{"href":"https:\/\/www.terravision.eu\/tedesco\/wp-json\/wp\/v2\/pages\/356","targetHints":{"allow":["GET"]}}],"collection":[{"href":"https:\/\/www.terravision.eu\/tedesco\/wp-json\/wp\/v2\/pages"}],"about":[{"href":"https:\/\/www.terravision.eu\/tedesco\/wp-json\/wp\/v2\/types\/page"}],"author":[{"embeddable":true,"href":"https:\/\/www.terravision.eu\/tedesco\/wp-json\/wp\/v2\/users\/1"}],"replies":[{"embeddable":true,"href":"https:\/\/www.terravision.eu\/tedesco\/wp-json\/wp\/v2\/comments?post=356"}],"version-history":[{"count":4,"href":"https:\/\/www.terravision.eu\/tedesco\/wp-json\/wp\/v2\/pages\/356\/revisions"}],"predecessor-version":[{"id":13878,"href":"https:\/\/www.terravision.eu\/tedesco\/wp-json\/wp\/v2\/pages\/356\/revisions\/13878"}],"wp:attachment":[{"href":"https:\/\/www.terravision.eu\/tedesco\/wp-json\/wp\/v2\/media?parent=356"}],"curies":[{"name":"wp","href":"https:\/\/api.w.org\/{rel}","templated":true}]}}