{"id":6403,"date":"2012-10-19T16:55:16","date_gmt":"2012-10-19T16:55:16","guid":{"rendered":"https:\/\/www.terravision.eu\/tedesco\/?page_id=6403"},"modified":"2012-10-19T16:55:16","modified_gmt":"2012-10-19T16:55:16","slug":"anfahrt-amsterdam","status":"publish","type":"page","link":"https:\/\/www.terravision.eu\/tedesco\/anfahrt-amsterdam.html","title":{"rendered":"Amsterdam anfahren"},"content":{"rendered":"<div id=\"article-single\">\n<strong>Mit dem Flugzeug<\/strong><br \/>\nDer internationale Flughafen Amsterdam Schiphol ist der vierte europ\u00e4ische Flughafen, gemessen an der Anzahl der Fahrg\u00e4ste:<br \/>\nFlughafen Eindhoven ( S\u00fcdholland, neben der Grenze zu Belgien)<br \/>\nFlughafen D\u00fcsseldorf-Weeze (S\u00fcdost, auf der anderen Seite der Grenze, in Deutschland)  <\/p>\n<p><strong>Mit dem Zug<\/strong><br \/>\nDank des gut ausgebauten europ\u00e4ischen Bahnnetzes ist der Bahnhof gut mit den Hauptst\u00e4dten Europas verbunden:<br \/>\nAmsterdam Centraal Train Station Reisezeit von Br\u00fcssel, London, Paris, Hamburg und Berlin: 6 Std<br \/>\nReisezeit, zu anderen St\u00e4dten in Holland: 2 Std. 30 Min.   <\/p>\n<p><strong>Mit der F\u00e4hre<\/strong><br \/>\nHolland ist von Reisenden aus GB und Skandinavien per Schiff leicht erreichbar. Die F\u00e4hre f\u00e4hrt von Skandinavien zu den folgenden Orten: Newcastle, Hull oder Harwich  <\/p>\n<p><strong>Mit dem Auto<\/strong><br \/>\nAmsterdam ist dank der europ\u00e4ischen Autobahn mit dem Auto einfach zu erreichen und mit gesamten A10-Ring verbunden (der sogenannte \u201eRingweg\u201c)<br \/>\n&#8211; Vom Norden: Ausfahrt Ij Tunnel<br \/>\n&#8211; Aus \u00f6stlicher Richtung: Ausfahrt Jan van Galenstraat aus westlicher<br \/>\n&#8211; s\u00fcdlicher Richtung: Ausfahrt Nieuwe Utrechtseweg  <\/p>\n<p><strong>Besondere Tipps: Fahren Sie nach Amsterdam<\/strong><br \/>\nWir empfehlen Ihnen, sich einen \u201cPark &amp; Ride\u201d &#8211; Parkplatz zu suchen und mit \u00f6ffentlichen Verkehrsmitteln oder dem Fahrrad in die Stadt fahren.  <\/div>\n","protected":false},"excerpt":{"rendered":"<p>Mit dem Flugzeug Der internationale Flughafen Amsterdam Schiphol ist der vierte europ\u00e4ische Flughafen, gemessen an der Anzahl der Fahrg\u00e4ste: Flughafen Eindhoven ( S\u00fcdholland, neben der Grenze zu Belgien) Flughafen D\u00fcsseldorf-Weeze (S\u00fcdost, auf der anderen Seite der Grenze, in Deutschland) Mit dem Zug Dank des gut ausgebauten europ\u00e4ischen Bahnnetzes ist der Bahnhof gut mit den Hauptst\u00e4dten [&hellip;]<\/p>\n","protected":false},"author":1,"featured_media":0,"parent":0,"menu_order":0,"comment_status":"open","ping_status":"open","template":"","meta":{"footnotes":""},"class_list":["post-6403","page","type-page","status-publish","hentry"],"yoast_head":"<!-- This site is optimized with the Yoast SEO Premium plugin v24.4 (Yoast SEO v24.4) - https:\/\/yoast.com\/wordpress\/plugins\/seo\/ -->\n<title>Amsterdam anfahren | Terravision<\/title>\n<meta name=\"description\" content=\"Amsterdam anfahren. Infos zum Amsterdam mit dem Flug, mit dem Zug, mit dem Auto oder Bus anfahren; die g\u00fcnstigste und schnellste M\u00f6glichkeiten.\" \/>\n<meta name=\"robots\" content=\"index, follow, max-snippet:-1, max-image-preview:large, max-video-preview:-1\" \/>\n<link rel=\"canonical\" href=\"https:\/\/www.terravision.eu\/tedesco\/anfahrt-amsterdam.html\" \/>\n<meta property=\"og:locale\" content=\"de_DE\" \/>\n<meta property=\"og:type\" content=\"article\" \/>\n<meta property=\"og:title\" content=\"Amsterdam anfahren\" \/>\n<meta property=\"og:description\" content=\"Amsterdam anfahren. Infos zum Amsterdam mit dem Flug, mit dem Zug, mit dem Auto oder Bus anfahren; die g\u00fcnstigste und schnellste M\u00f6glichkeiten.\" \/>\n<meta property=\"og:url\" content=\"https:\/\/www.terravision.eu\/tedesco\/anfahrt-amsterdam.html\" \/>\n<meta property=\"og:site_name\" content=\"Terravision Deutschland\" \/>\n<meta name=\"twitter:label1\" content=\"Gesch\u00e4tzte Lesezeit\" \/>\n\t<meta name=\"twitter:data1\" content=\"1 minute\" \/>\n<script type=\"application\/ld+json\" class=\"yoast-schema-graph\">{\"@context\":\"https:\/\/schema.org\",\"@graph\":[{\"@type\":\"WebPage\",\"@id\":\"https:\/\/www.terravision.eu\/tedesco\/anfahrt-amsterdam.html\",\"url\":\"https:\/\/www.terravision.eu\/tedesco\/anfahrt-amsterdam.html\",\"name\":\"Amsterdam anfahren | Terravision\",\"isPartOf\":{\"@id\":\"https:\/\/www.terravision.eu\/tedesco\/#website\"},\"datePublished\":\"2012-10-19T16:55:16+00:00\",\"description\":\"Amsterdam anfahren. Infos zum Amsterdam mit dem Flug, mit dem Zug, mit dem Auto oder Bus anfahren; die g\u00fcnstigste und schnellste M\u00f6glichkeiten.\",\"breadcrumb\":{\"@id\":\"https:\/\/www.terravision.eu\/tedesco\/anfahrt-amsterdam.html#breadcrumb\"},\"inLanguage\":\"de-DE\",\"potentialAction\":[{\"@type\":\"ReadAction\",\"target\":[\"https:\/\/www.terravision.eu\/tedesco\/anfahrt-amsterdam.html\"]}]},{\"@type\":\"BreadcrumbList\",\"@id\":\"https:\/\/www.terravision.eu\/tedesco\/anfahrt-amsterdam.html#breadcrumb\",\"itemListElement\":[{\"@type\":\"ListItem\",\"position\":1,\"name\":\"Home\",\"item\":\"https:\/\/www.terravision.eu\/tedesco\/\"},{\"@type\":\"ListItem\",\"position\":2,\"name\":\"Amsterdam anfahren\"}]},{\"@type\":\"WebSite\",\"@id\":\"https:\/\/www.terravision.eu\/tedesco\/#website\",\"url\":\"https:\/\/www.terravision.eu\/tedesco\/\",\"name\":\"Terravision Deutschland\",\"description\":\"G\u00fcnstige Verbindungen von\/zu den wichtigsten Flugh\u00e4fen Europas\",\"potentialAction\":[{\"@type\":\"SearchAction\",\"target\":{\"@type\":\"EntryPoint\",\"urlTemplate\":\"https:\/\/www.terravision.eu\/tedesco\/?s={search_term_string}\"},\"query-input\":{\"@type\":\"PropertyValueSpecification\",\"valueRequired\":true,\"valueName\":\"search_term_string\"}}],\"inLanguage\":\"de-DE\"}]}<\/script>\n<!-- \/ Yoast SEO Premium plugin. -->","yoast_head_json":{"title":"Amsterdam anfahren | Terravision","description":"Amsterdam anfahren. Infos zum Amsterdam mit dem Flug, mit dem Zug, mit dem Auto oder Bus anfahren; die g\u00fcnstigste und schnellste M\u00f6glichkeiten.","robots":{"index":"index","follow":"follow","max-snippet":"max-snippet:-1","max-image-preview":"max-image-preview:large","max-video-preview":"max-video-preview:-1"},"canonical":"https:\/\/www.terravision.eu\/tedesco\/anfahrt-amsterdam.html","og_locale":"de_DE","og_type":"article","og_title":"Amsterdam anfahren","og_description":"Amsterdam anfahren. Infos zum Amsterdam mit dem Flug, mit dem Zug, mit dem Auto oder Bus anfahren; die g\u00fcnstigste und schnellste M\u00f6glichkeiten.","og_url":"https:\/\/www.terravision.eu\/tedesco\/anfahrt-amsterdam.html","og_site_name":"Terravision Deutschland","twitter_misc":{"Gesch\u00e4tzte Lesezeit":"1 minute"},"schema":{"@context":"https:\/\/schema.org","@graph":[{"@type":"WebPage","@id":"https:\/\/www.terravision.eu\/tedesco\/anfahrt-amsterdam.html","url":"https:\/\/www.terravision.eu\/tedesco\/anfahrt-amsterdam.html","name":"Amsterdam anfahren | Terravision","isPartOf":{"@id":"https:\/\/www.terravision.eu\/tedesco\/#website"},"datePublished":"2012-10-19T16:55:16+00:00","description":"Amsterdam anfahren. Infos zum Amsterdam mit dem Flug, mit dem Zug, mit dem Auto oder Bus anfahren; die g\u00fcnstigste und schnellste M\u00f6glichkeiten.","breadcrumb":{"@id":"https:\/\/www.terravision.eu\/tedesco\/anfahrt-amsterdam.html#breadcrumb"},"inLanguage":"de-DE","potentialAction":[{"@type":"ReadAction","target":["https:\/\/www.terravision.eu\/tedesco\/anfahrt-amsterdam.html"]}]},{"@type":"BreadcrumbList","@id":"https:\/\/www.terravision.eu\/tedesco\/anfahrt-amsterdam.html#breadcrumb","itemListElement":[{"@type":"ListItem","position":1,"name":"Home","item":"https:\/\/www.terravision.eu\/tedesco\/"},{"@type":"ListItem","position":2,"name":"Amsterdam anfahren"}]},{"@type":"WebSite","@id":"https:\/\/www.terravision.eu\/tedesco\/#website","url":"https:\/\/www.terravision.eu\/tedesco\/","name":"Terravision Deutschland","description":"G\u00fcnstige Verbindungen von\/zu den wichtigsten Flugh\u00e4fen Europas","potentialAction":[{"@type":"SearchAction","target":{"@type":"EntryPoint","urlTemplate":"https:\/\/www.terravision.eu\/tedesco\/?s={search_term_string}"},"query-input":{"@type":"PropertyValueSpecification","valueRequired":true,"valueName":"search_term_string"}}],"inLanguage":"de-DE"}]}},"_links":{"self":[{"href":"https:\/\/www.terravision.eu\/tedesco\/wp-json\/wp\/v2\/pages\/6403","targetHints":{"allow":["GET"]}}],"collection":[{"href":"https:\/\/www.terravision.eu\/tedesco\/wp-json\/wp\/v2\/pages"}],"about":[{"href":"https:\/\/www.terravision.eu\/tedesco\/wp-json\/wp\/v2\/types\/page"}],"author":[{"embeddable":true,"href":"https:\/\/www.terravision.eu\/tedesco\/wp-json\/wp\/v2\/users\/1"}],"replies":[{"embeddable":true,"href":"https:\/\/www.terravision.eu\/tedesco\/wp-json\/wp\/v2\/comments?post=6403"}],"version-history":[{"count":0,"href":"https:\/\/www.terravision.eu\/tedesco\/wp-json\/wp\/v2\/pages\/6403\/revisions"}],"wp:attachment":[{"href":"https:\/\/www.terravision.eu\/tedesco\/wp-json\/wp\/v2\/media?parent=6403"}],"curies":[{"name":"wp","href":"https:\/\/api.w.org\/{rel}","templated":true}]}}