{"id":6460,"date":"2012-10-20T11:16:00","date_gmt":"2012-10-20T11:16:00","guid":{"rendered":"https:\/\/www.terravision.eu\/tedesco\/?page_id=6460"},"modified":"2025-03-24T05:26:32","modified_gmt":"2025-03-24T05:26:32","slug":"terravision-agent-program","status":"publish","type":"page","link":"https:\/\/www.terravision.eu\/tedesco\/terravision-agent-program.html","title":{"rendered":"Terravision Agentur-Programm"},"content":{"rendered":"<div class=\"bg-tertiary-trv p-trv-1\">\n<div class=\"container text-standard\">\n<div class=\"row\" style=\"height: 100%;\">\n<div class=\"col align-self-center pl-30 pr-0 pl-m-0\">\n<div class=\"overflow-hidden\">\n<div class=\"separator-trv-n z-index-1 p-relative mb-10\"><\/div>\n<div class=\"d-flex\" style=\"gap: 23px; margin-bottom: 30px;\">\n<h3 class=\"h3-Barlow-36pt-3\" style=\"margin-bottom: 0;\">Perch\u00e8 diventare un Agente Terravision?<\/h3>\n<\/div>\n<\/div>\n<\/div>\n<\/div>\n<div class=\"row\" style=\"height: 100%;\">\n<div class=\"col align-self-center pl-30 pr-0 pl-m-0\">\n<div class=\"overflow-hidden column-trv-2-1\">\n<div class=\"grid-list-icon\" style=\"gap: 23px; margin-bottom: 30px;\">\n<p><img decoding=\"async\" src=\"https:\/\/www.terravision.eu\/wp-content\/blogs.dir\/9\/files\/2025\/03\/icon-check-list.png\" \/><\/p>\n<p class=\"h5-Barlow-22pt\" style=\"margin-bottom: 0;\">\u00c8 gratis!<\/p>\n<\/div>\n<div class=\"grid-list-icon\" style=\"gap: 23px; margin-bottom: 30px;\">\n<p><img decoding=\"async\" src=\"https:\/\/www.terravision.eu\/wp-content\/blogs.dir\/9\/files\/2025\/03\/icon-check-list.png\" \/><\/p>\n<p class=\"h5-Barlow-22pt\" style=\"margin-bottom: 0;\">Offriamo una commissione attraente: 5%<\/p>\n<\/div>\n<div class=\"grid-list-icon\" style=\"gap: 23px; margin-bottom: 30px;\">\n<p><img decoding=\"async\" src=\"https:\/\/www.terravision.eu\/wp-content\/blogs.dir\/9\/files\/2025\/03\/icon-check-list.png\" \/><\/p>\n<p class=\"h5-Barlow-22pt\" style=\"margin-bottom: 0;\">La nostra piattaforma \u00e8 facile da usare<\/p>\n<\/div>\n<div class=\"grid-list-icon\" style=\"gap: 23px; margin-bottom: 30px;\">\n<p><img decoding=\"async\" src=\"https:\/\/www.terravision.eu\/wp-content\/blogs.dir\/9\/files\/2025\/03\/icon-check-list.png\" \/><\/p>\n<p class=\"h5-Barlow-22pt\" style=\"margin-bottom: 0;\">Sulla pagina visualizzata \u00e8 possibile controllare lo storico dei vostri acquisti, modificare i vostri dati e vedere lo stato delle vostre richieste.<\/p>\n<\/div>\n<div class=\"grid-list-icon\" style=\"gap: 23px; margin-bottom: 30px;\">\n<p><img decoding=\"async\" src=\"https:\/\/www.terravision.eu\/wp-content\/blogs.dir\/9\/files\/2025\/03\/icon-check-list.png\" \/><\/p>\n<p class=\"h5-Barlow-22pt\" style=\"margin-bottom: 0;\">Accesso alle statistiche online<\/p>\n<\/div>\n<div class=\"grid-list-icon\" style=\"gap: 23px; margin-bottom: 30px;\">\n<p><img decoding=\"async\" src=\"https:\/\/www.terravision.eu\/wp-content\/blogs.dir\/9\/files\/2025\/03\/icon-check-list.png\" \/><\/p>\n<p class=\"h5-Barlow-22pt\" style=\"margin-bottom: 0;\">Assistenza quotidiana da parte del nostro team<\/p>\n<\/div>\n<\/div>\n<\/div>\n<\/div>\n<\/div>\n<\/div>\n<div class=\"bg-light p-trv-1\">\n<div class=\"container text-standard\">\n<div class=\"row pb-60\" style=\"height: 100%;\">\n<div class=\"col align-self-center pl-30 pr-0 pl-m-0\">\n<div class=\"overflow-hidden\">\n<div class=\"separator-trv-n z-index-1 p-relative mb-10\"><\/div>\n<div class=\"d-flex\" style=\"gap: 23px; margin-bottom: 30px;\">\n<h3 class=\"h3-Barlow-36pt-3\" style=\"margin-bottom: 0;\">Come funziona?<\/h3>\n<\/div>\n<p class=\"text-standard\">Una volta effettuata e accettata la registrazione ricevi una email di conferma dal nostro sistema contenente i dati necessari per effettuare il login e accedere alla Piattaforma di Affiliazione di Terravision.<br \/>\nOra puoi prenotare i biglietti con lo sconto del 5%! Per qualsiasi domanda invitiamo a contattarci scrivendo a <a href=\"mailto=affiliation@terravision.eu\">affiliation@terravision.eu<\/a><\/p>\n<p><a class=\"btn btn-primary-trv z-index-1 position-relative mt-25\" href=\"#\">Registrati come agente<\/a><\/p>\n<\/div>\n<\/div>\n<\/div>\n<div class=\"row gap-30\">\n<div class=\"col p-0 text-center\">\n<p><img decoding=\"async\" src=\"https:\/\/www.terravision.eu\/wp-content\/blogs.dir\/9\/files\/2025\/03\/icon-bus-plus.png\" \/><\/p>\n<h5 class=\"text-uppercase h5-Barlow-22pt-5\">Offri ai tuoi clienti i servizi terravision<\/h5>\n<\/div>\n<div class=\"col p-0 text-center\">\n<p><img decoding=\"async\" src=\"https:\/\/www.terravision.eu\/wp-content\/blogs.dir\/9\/files\/2025\/03\/icon-percentage.png\" \/><\/p>\n<h5 class=\"text-uppercase h5-Barlow-22pt-5\">acquista i servizi su www.terravision.eu<\/h5>\n<\/div>\n<div class=\"col p-0 text-center\">\n<p><img decoding=\"async\" src=\"https:\/\/www.terravision.eu\/wp-content\/blogs.dir\/9\/files\/2025\/03\/icon-ticket.png\" \/><\/p>\n<h5 class=\"text-uppercase h5-Barlow-22pt-5\">Ricevi una commissione del 5% sui biglietti venduti<\/h5>\n<\/div>\n<\/div>\n<\/div>\n<\/div>\n","protected":false},"excerpt":{"rendered":"<p>Perch\u00e8 diventare un Agente Terravision? \u00c8 gratis! Offriamo una commissione attraente: 5% La nostra piattaforma \u00e8 facile da usare Sulla pagina visualizzata \u00e8 possibile controllare lo storico dei vostri acquisti, modificare i vostri dati e vedere lo stato delle vostre richieste. Accesso alle statistiche online Assistenza quotidiana da parte del nostro team Come funziona? Una [&hellip;]<\/p>\n","protected":false},"author":1,"featured_media":0,"parent":0,"menu_order":0,"comment_status":"open","ping_status":"open","template":"","meta":{"footnotes":""},"class_list":["post-6460","page","type-page","status-publish","hentry"],"yoast_head":"<!-- This site is optimized with the Yoast SEO Premium plugin v24.4 (Yoast SEO v24.4) - https:\/\/yoast.com\/wordpress\/plugins\/seo\/ -->\n<title>Terravision Agentur-Programm | Terravision Deutschland<\/title>\n<meta name=\"description\" content=\"Kaufen Sie Terravision Tickets mit einem Rabatt! Wir bieten eine attraktive Provision, eine benutzerfreundliche Oberfl\u00e4che und einen t\u00e4glichen Support!\" \/>\n<meta name=\"robots\" content=\"index, follow, max-snippet:-1, max-image-preview:large, max-video-preview:-1\" \/>\n<link rel=\"canonical\" href=\"https:\/\/www.terravision.eu\/tedesco\/terravision-agent-program.html\" \/>\n<meta property=\"og:locale\" content=\"de_DE\" \/>\n<meta property=\"og:type\" content=\"article\" \/>\n<meta property=\"og:title\" content=\"Terravision Agentur-Programm\" \/>\n<meta property=\"og:description\" content=\"Kaufen Sie Terravision Tickets mit einem Rabatt! Wir bieten eine attraktive Provision, eine benutzerfreundliche Oberfl\u00e4che und einen t\u00e4glichen Support!\" \/>\n<meta property=\"og:url\" content=\"https:\/\/www.terravision.eu\/tedesco\/terravision-agent-program.html\" \/>\n<meta property=\"og:site_name\" content=\"Terravision Deutschland\" \/>\n<meta property=\"article:modified_time\" content=\"2025-03-24T05:26:32+00:00\" \/>\n<meta property=\"og:image\" content=\"https:\/\/www.terravision.eu\/wp-content\/blogs.dir\/9\/files\/2025\/03\/icon-check-list.png\" \/>\n<meta name=\"twitter:label1\" content=\"Gesch\u00e4tzte Lesezeit\" \/>\n\t<meta name=\"twitter:data1\" content=\"1 minute\" \/>\n<script type=\"application\/ld+json\" class=\"yoast-schema-graph\">{\"@context\":\"https:\/\/schema.org\",\"@graph\":[{\"@type\":\"WebPage\",\"@id\":\"https:\/\/www.terravision.eu\/tedesco\/terravision-agent-program.html\",\"url\":\"https:\/\/www.terravision.eu\/tedesco\/terravision-agent-program.html\",\"name\":\"Terravision Agentur-Programm | Terravision Deutschland\",\"isPartOf\":{\"@id\":\"https:\/\/www.terravision.eu\/tedesco\/#website\"},\"primaryImageOfPage\":{\"@id\":\"https:\/\/www.terravision.eu\/tedesco\/terravision-agent-program.html#primaryimage\"},\"image\":{\"@id\":\"https:\/\/www.terravision.eu\/tedesco\/terravision-agent-program.html#primaryimage\"},\"thumbnailUrl\":\"https:\/\/www.terravision.eu\/wp-content\/blogs.dir\/9\/files\/2025\/03\/icon-check-list.png\",\"datePublished\":\"2012-10-20T11:16:00+00:00\",\"dateModified\":\"2025-03-24T05:26:32+00:00\",\"description\":\"Kaufen Sie Terravision Tickets mit einem Rabatt! Wir bieten eine attraktive Provision, eine benutzerfreundliche Oberfl\u00e4che und einen t\u00e4glichen Support!\",\"breadcrumb\":{\"@id\":\"https:\/\/www.terravision.eu\/tedesco\/terravision-agent-program.html#breadcrumb\"},\"inLanguage\":\"de-DE\",\"potentialAction\":[{\"@type\":\"ReadAction\",\"target\":[\"https:\/\/www.terravision.eu\/tedesco\/terravision-agent-program.html\"]}]},{\"@type\":\"ImageObject\",\"inLanguage\":\"de-DE\",\"@id\":\"https:\/\/www.terravision.eu\/tedesco\/terravision-agent-program.html#primaryimage\",\"url\":\"https:\/\/www.terravision.eu\/wp-content\/blogs.dir\/9\/files\/2025\/03\/icon-check-list.png\",\"contentUrl\":\"https:\/\/www.terravision.eu\/wp-content\/blogs.dir\/9\/files\/2025\/03\/icon-check-list.png\"},{\"@type\":\"BreadcrumbList\",\"@id\":\"https:\/\/www.terravision.eu\/tedesco\/terravision-agent-program.html#breadcrumb\",\"itemListElement\":[{\"@type\":\"ListItem\",\"position\":1,\"name\":\"Home\",\"item\":\"https:\/\/www.terravision.eu\/tedesco\/\"},{\"@type\":\"ListItem\",\"position\":2,\"name\":\"Terravision Agentur-Programm\"}]},{\"@type\":\"WebSite\",\"@id\":\"https:\/\/www.terravision.eu\/tedesco\/#website\",\"url\":\"https:\/\/www.terravision.eu\/tedesco\/\",\"name\":\"Terravision Deutschland\",\"description\":\"G\u00fcnstige Verbindungen von\/zu den wichtigsten Flugh\u00e4fen Europas\",\"potentialAction\":[{\"@type\":\"SearchAction\",\"target\":{\"@type\":\"EntryPoint\",\"urlTemplate\":\"https:\/\/www.terravision.eu\/tedesco\/?s={search_term_string}\"},\"query-input\":{\"@type\":\"PropertyValueSpecification\",\"valueRequired\":true,\"valueName\":\"search_term_string\"}}],\"inLanguage\":\"de-DE\"}]}<\/script>\n<!-- \/ Yoast SEO Premium plugin. -->","yoast_head_json":{"title":"Terravision Agentur-Programm | Terravision Deutschland","description":"Kaufen Sie Terravision Tickets mit einem Rabatt! Wir bieten eine attraktive Provision, eine benutzerfreundliche Oberfl\u00e4che und einen t\u00e4glichen Support!","robots":{"index":"index","follow":"follow","max-snippet":"max-snippet:-1","max-image-preview":"max-image-preview:large","max-video-preview":"max-video-preview:-1"},"canonical":"https:\/\/www.terravision.eu\/tedesco\/terravision-agent-program.html","og_locale":"de_DE","og_type":"article","og_title":"Terravision Agentur-Programm","og_description":"Kaufen Sie Terravision Tickets mit einem Rabatt! Wir bieten eine attraktive Provision, eine benutzerfreundliche Oberfl\u00e4che und einen t\u00e4glichen Support!","og_url":"https:\/\/www.terravision.eu\/tedesco\/terravision-agent-program.html","og_site_name":"Terravision Deutschland","article_modified_time":"2025-03-24T05:26:32+00:00","og_image":[{"url":"https:\/\/www.terravision.eu\/wp-content\/blogs.dir\/9\/files\/2025\/03\/icon-check-list.png","type":"","width":"","height":""}],"twitter_misc":{"Gesch\u00e4tzte Lesezeit":"1 minute"},"schema":{"@context":"https:\/\/schema.org","@graph":[{"@type":"WebPage","@id":"https:\/\/www.terravision.eu\/tedesco\/terravision-agent-program.html","url":"https:\/\/www.terravision.eu\/tedesco\/terravision-agent-program.html","name":"Terravision Agentur-Programm | Terravision Deutschland","isPartOf":{"@id":"https:\/\/www.terravision.eu\/tedesco\/#website"},"primaryImageOfPage":{"@id":"https:\/\/www.terravision.eu\/tedesco\/terravision-agent-program.html#primaryimage"},"image":{"@id":"https:\/\/www.terravision.eu\/tedesco\/terravision-agent-program.html#primaryimage"},"thumbnailUrl":"https:\/\/www.terravision.eu\/wp-content\/blogs.dir\/9\/files\/2025\/03\/icon-check-list.png","datePublished":"2012-10-20T11:16:00+00:00","dateModified":"2025-03-24T05:26:32+00:00","description":"Kaufen Sie Terravision Tickets mit einem Rabatt! Wir bieten eine attraktive Provision, eine benutzerfreundliche Oberfl\u00e4che und einen t\u00e4glichen Support!","breadcrumb":{"@id":"https:\/\/www.terravision.eu\/tedesco\/terravision-agent-program.html#breadcrumb"},"inLanguage":"de-DE","potentialAction":[{"@type":"ReadAction","target":["https:\/\/www.terravision.eu\/tedesco\/terravision-agent-program.html"]}]},{"@type":"ImageObject","inLanguage":"de-DE","@id":"https:\/\/www.terravision.eu\/tedesco\/terravision-agent-program.html#primaryimage","url":"https:\/\/www.terravision.eu\/wp-content\/blogs.dir\/9\/files\/2025\/03\/icon-check-list.png","contentUrl":"https:\/\/www.terravision.eu\/wp-content\/blogs.dir\/9\/files\/2025\/03\/icon-check-list.png"},{"@type":"BreadcrumbList","@id":"https:\/\/www.terravision.eu\/tedesco\/terravision-agent-program.html#breadcrumb","itemListElement":[{"@type":"ListItem","position":1,"name":"Home","item":"https:\/\/www.terravision.eu\/tedesco\/"},{"@type":"ListItem","position":2,"name":"Terravision Agentur-Programm"}]},{"@type":"WebSite","@id":"https:\/\/www.terravision.eu\/tedesco\/#website","url":"https:\/\/www.terravision.eu\/tedesco\/","name":"Terravision Deutschland","description":"G\u00fcnstige Verbindungen von\/zu den wichtigsten Flugh\u00e4fen Europas","potentialAction":[{"@type":"SearchAction","target":{"@type":"EntryPoint","urlTemplate":"https:\/\/www.terravision.eu\/tedesco\/?s={search_term_string}"},"query-input":{"@type":"PropertyValueSpecification","valueRequired":true,"valueName":"search_term_string"}}],"inLanguage":"de-DE"}]}},"_links":{"self":[{"href":"https:\/\/www.terravision.eu\/tedesco\/wp-json\/wp\/v2\/pages\/6460","targetHints":{"allow":["GET"]}}],"collection":[{"href":"https:\/\/www.terravision.eu\/tedesco\/wp-json\/wp\/v2\/pages"}],"about":[{"href":"https:\/\/www.terravision.eu\/tedesco\/wp-json\/wp\/v2\/types\/page"}],"author":[{"embeddable":true,"href":"https:\/\/www.terravision.eu\/tedesco\/wp-json\/wp\/v2\/users\/1"}],"replies":[{"embeddable":true,"href":"https:\/\/www.terravision.eu\/tedesco\/wp-json\/wp\/v2\/comments?post=6460"}],"version-history":[{"count":3,"href":"https:\/\/www.terravision.eu\/tedesco\/wp-json\/wp\/v2\/pages\/6460\/revisions"}],"predecessor-version":[{"id":20405,"href":"https:\/\/www.terravision.eu\/tedesco\/wp-json\/wp\/v2\/pages\/6460\/revisions\/20405"}],"wp:attachment":[{"href":"https:\/\/www.terravision.eu\/tedesco\/wp-json\/wp\/v2\/media?parent=6460"}],"curies":[{"name":"wp","href":"https:\/\/api.w.org\/{rel}","templated":true}]}}