{"id":6656,"date":"2012-10-23T08:01:23","date_gmt":"2012-10-23T08:01:23","guid":{"rendered":"https:\/\/www.terravision.eu\/tedesco\/?page_id=6656"},"modified":"2012-10-23T08:01:23","modified_gmt":"2012-10-23T08:01:23","slug":"beruf","status":"publish","type":"page","link":"https:\/\/www.terravision.eu\/tedesco\/beruf.html","title":{"rendered":"Beruf | Terravision Group"},"content":{"rendered":"<div id=\"article-single\">\n<div class=\"title\"><strong>Arbeiten Sie mit uns<\/strong><\/div>\n<div class=\"content\">\n<strong> Terravision Group sucht stets nach talentierten und einsatzfreudigen Bewerbern, die dem Team beitreten m\u00f6chtem.<\/strong>    <\/p>\n<hr>\n<div class=\"title\"><strong>Was bieten wir<\/strong><\/div>\n<p>&#8211; Lebhaftes Umfeld<br \/>\n&#8211; Multikulturelle Teams<br \/>\n&#8211; Eine gro\u00dfe Auswahl von interessanten Einsatzbereichen, unter anderem B\u00fcroarbeit, Werbung, Verwaltung, Marketing, Verkauf, HR \u2013 und Arbeit am Flughafen am Verkaufdesk, Busfahrer<\/p>\n<hr>\n<div class=\"title\"><strong>Was wir suchen<\/strong><\/div>\n<p>&#8211; Eine motivierte Haltung<br \/>\n&#8211; Begeisterung<br \/>\n&#8211; Dynamik<br \/>\n&#8211; Leidenschaft f\u00fcr Reise &amp; Tourismus<br \/>\n&#8211; Eine zweite europ\u00e4ische Sprache ist ein Plus<\/p>\n<hr>\n<div class=\"title\"><strong>So bewerben Sie sich:<\/strong><\/div>\n<p><strong>Entspricht Ihr Profil unseren Vorstellungen? Dann m\u00f6chten wir von dir h\u00f6ren!<\/strong><br \/>\nBitte senden Sie uns Ihren Lebenslauf (PDF, Word oder andere Textdatei) an jobs@terravision.eu und geben Sie auch an, welche Sprache Sie au\u00dfer Ihrer Muttersprache sprechen und das Niveau.<br \/>\nSie k\u00f6nnen auch auf Linkedin nach Stellen suchen.<\/p>\n<hr>\n<div class=\"title\"><strong>Available Offers<\/strong><\/div>\n<p><a href=\"https:\/\/www.terravision.eu\/files\/2014\/04\/Marketing-Assistant-Job-Posting-April-2014_NL.pdf\" target=\"_blank\">Marketing Assistant<\/a><br \/>\n<a href=\"https:\/\/www.terravision.eu\/files\/2014\/04\/Marketing-Executive-04-04-2014-NL.pdf\" target=\"_blank\">Marketing Executive<\/a><br \/>\n<a href=\"https:\/\/www.terravision.eu\/revenue_manager_assistant.html\" title=\"Terravision | Assistant Revenue Manager\" target=\"_blank\">Assistant Revenue Manager (Spanish speaker)<\/a>\n<\/div>\n<\/div><\/div>\n<\/div>\n","protected":false},"excerpt":{"rendered":"<p>Arbeiten Sie mit uns Terravision Group sucht stets nach talentierten und einsatzfreudigen Bewerbern, die dem Team beitreten m\u00f6chtem. Was bieten wir &#8211; Lebhaftes Umfeld &#8211; Multikulturelle Teams &#8211; Eine gro\u00dfe Auswahl von interessanten Einsatzbereichen, unter anderem B\u00fcroarbeit, Werbung, Verwaltung, Marketing, Verkauf, HR \u2013 und Arbeit am Flughafen am Verkaufdesk, Busfahrer Was wir suchen &#8211; Eine [&hellip;]<\/p>\n","protected":false},"author":1,"featured_media":0,"parent":0,"menu_order":0,"comment_status":"open","ping_status":"open","template":"page-full.php","meta":{"footnotes":""},"class_list":["post-6656","page","type-page","status-publish","hentry"],"yoast_head":"<!-- This site is optimized with the Yoast SEO Premium plugin v24.4 (Yoast SEO v24.4) - https:\/\/yoast.com\/wordpress\/plugins\/seo\/ -->\n<title>Beruf | Terravision Group | Terravision Deutschland<\/title>\n<meta name=\"robots\" content=\"index, follow, max-snippet:-1, max-image-preview:large, max-video-preview:-1\" \/>\n<link rel=\"canonical\" href=\"https:\/\/www.terravision.eu\/tedesco\/beruf.html\" \/>\n<meta property=\"og:locale\" content=\"de_DE\" \/>\n<meta property=\"og:type\" content=\"article\" \/>\n<meta property=\"og:title\" content=\"Beruf | Terravision Group\" \/>\n<meta property=\"og:description\" content=\"Arbeiten Sie mit uns Terravision Group sucht stets nach talentierten und einsatzfreudigen Bewerbern, die dem Team beitreten m\u00f6chtem. Was bieten wir &#8211; Lebhaftes Umfeld &#8211; Multikulturelle Teams &#8211; Eine gro\u00dfe Auswahl von interessanten Einsatzbereichen, unter anderem B\u00fcroarbeit, Werbung, Verwaltung, Marketing, Verkauf, HR \u2013 und Arbeit am Flughafen am Verkaufdesk, Busfahrer Was wir suchen &#8211; Eine [&hellip;]\" \/>\n<meta property=\"og:url\" content=\"https:\/\/www.terravision.eu\/tedesco\/beruf.html\" \/>\n<meta property=\"og:site_name\" content=\"Terravision Deutschland\" \/>\n<meta name=\"twitter:label1\" content=\"Gesch\u00e4tzte Lesezeit\" \/>\n\t<meta name=\"twitter:data1\" content=\"1 minute\" \/>\n<script type=\"application\/ld+json\" class=\"yoast-schema-graph\">{\"@context\":\"https:\/\/schema.org\",\"@graph\":[{\"@type\":\"WebPage\",\"@id\":\"https:\/\/www.terravision.eu\/tedesco\/beruf.html\",\"url\":\"https:\/\/www.terravision.eu\/tedesco\/beruf.html\",\"name\":\"Beruf | Terravision Group | Terravision Deutschland\",\"isPartOf\":{\"@id\":\"https:\/\/www.terravision.eu\/tedesco\/#website\"},\"datePublished\":\"2012-10-23T08:01:23+00:00\",\"breadcrumb\":{\"@id\":\"https:\/\/www.terravision.eu\/tedesco\/beruf.html#breadcrumb\"},\"inLanguage\":\"de-DE\",\"potentialAction\":[{\"@type\":\"ReadAction\",\"target\":[\"https:\/\/www.terravision.eu\/tedesco\/beruf.html\"]}]},{\"@type\":\"BreadcrumbList\",\"@id\":\"https:\/\/www.terravision.eu\/tedesco\/beruf.html#breadcrumb\",\"itemListElement\":[{\"@type\":\"ListItem\",\"position\":1,\"name\":\"Home\",\"item\":\"https:\/\/www.terravision.eu\/tedesco\/\"},{\"@type\":\"ListItem\",\"position\":2,\"name\":\"Beruf | Terravision Group\"}]},{\"@type\":\"WebSite\",\"@id\":\"https:\/\/www.terravision.eu\/tedesco\/#website\",\"url\":\"https:\/\/www.terravision.eu\/tedesco\/\",\"name\":\"Terravision Deutschland\",\"description\":\"G\u00fcnstige Verbindungen von\/zu den wichtigsten Flugh\u00e4fen Europas\",\"potentialAction\":[{\"@type\":\"SearchAction\",\"target\":{\"@type\":\"EntryPoint\",\"urlTemplate\":\"https:\/\/www.terravision.eu\/tedesco\/?s={search_term_string}\"},\"query-input\":{\"@type\":\"PropertyValueSpecification\",\"valueRequired\":true,\"valueName\":\"search_term_string\"}}],\"inLanguage\":\"de-DE\"}]}<\/script>\n<!-- \/ Yoast SEO Premium plugin. -->","yoast_head_json":{"title":"Beruf | Terravision Group | Terravision Deutschland","robots":{"index":"index","follow":"follow","max-snippet":"max-snippet:-1","max-image-preview":"max-image-preview:large","max-video-preview":"max-video-preview:-1"},"canonical":"https:\/\/www.terravision.eu\/tedesco\/beruf.html","og_locale":"de_DE","og_type":"article","og_title":"Beruf | Terravision Group","og_description":"Arbeiten Sie mit uns Terravision Group sucht stets nach talentierten und einsatzfreudigen Bewerbern, die dem Team beitreten m\u00f6chtem. Was bieten wir &#8211; Lebhaftes Umfeld &#8211; Multikulturelle Teams &#8211; Eine gro\u00dfe Auswahl von interessanten Einsatzbereichen, unter anderem B\u00fcroarbeit, Werbung, Verwaltung, Marketing, Verkauf, HR \u2013 und Arbeit am Flughafen am Verkaufdesk, Busfahrer Was wir suchen &#8211; Eine [&hellip;]","og_url":"https:\/\/www.terravision.eu\/tedesco\/beruf.html","og_site_name":"Terravision Deutschland","twitter_misc":{"Gesch\u00e4tzte Lesezeit":"1 minute"},"schema":{"@context":"https:\/\/schema.org","@graph":[{"@type":"WebPage","@id":"https:\/\/www.terravision.eu\/tedesco\/beruf.html","url":"https:\/\/www.terravision.eu\/tedesco\/beruf.html","name":"Beruf | Terravision Group | Terravision Deutschland","isPartOf":{"@id":"https:\/\/www.terravision.eu\/tedesco\/#website"},"datePublished":"2012-10-23T08:01:23+00:00","breadcrumb":{"@id":"https:\/\/www.terravision.eu\/tedesco\/beruf.html#breadcrumb"},"inLanguage":"de-DE","potentialAction":[{"@type":"ReadAction","target":["https:\/\/www.terravision.eu\/tedesco\/beruf.html"]}]},{"@type":"BreadcrumbList","@id":"https:\/\/www.terravision.eu\/tedesco\/beruf.html#breadcrumb","itemListElement":[{"@type":"ListItem","position":1,"name":"Home","item":"https:\/\/www.terravision.eu\/tedesco\/"},{"@type":"ListItem","position":2,"name":"Beruf | Terravision Group"}]},{"@type":"WebSite","@id":"https:\/\/www.terravision.eu\/tedesco\/#website","url":"https:\/\/www.terravision.eu\/tedesco\/","name":"Terravision Deutschland","description":"G\u00fcnstige Verbindungen von\/zu den wichtigsten Flugh\u00e4fen Europas","potentialAction":[{"@type":"SearchAction","target":{"@type":"EntryPoint","urlTemplate":"https:\/\/www.terravision.eu\/tedesco\/?s={search_term_string}"},"query-input":{"@type":"PropertyValueSpecification","valueRequired":true,"valueName":"search_term_string"}}],"inLanguage":"de-DE"}]}},"_links":{"self":[{"href":"https:\/\/www.terravision.eu\/tedesco\/wp-json\/wp\/v2\/pages\/6656","targetHints":{"allow":["GET"]}}],"collection":[{"href":"https:\/\/www.terravision.eu\/tedesco\/wp-json\/wp\/v2\/pages"}],"about":[{"href":"https:\/\/www.terravision.eu\/tedesco\/wp-json\/wp\/v2\/types\/page"}],"author":[{"embeddable":true,"href":"https:\/\/www.terravision.eu\/tedesco\/wp-json\/wp\/v2\/users\/1"}],"replies":[{"embeddable":true,"href":"https:\/\/www.terravision.eu\/tedesco\/wp-json\/wp\/v2\/comments?post=6656"}],"version-history":[{"count":0,"href":"https:\/\/www.terravision.eu\/tedesco\/wp-json\/wp\/v2\/pages\/6656\/revisions"}],"wp:attachment":[{"href":"https:\/\/www.terravision.eu\/tedesco\/wp-json\/wp\/v2\/media?parent=6656"}],"curies":[{"name":"wp","href":"https:\/\/api.w.org\/{rel}","templated":true}]}}